{"id":711,"date":"2019-02-20T17:24:54","date_gmt":"2019-02-20T17:24:54","guid":{"rendered":"http:\/\/poliexpert.pl\/?page_id=711"},"modified":"2019-02-22T15:14:00","modified_gmt":"2019-02-22T15:14:00","slug":"projekty-unijne-br-ncbir-regionalne","status":"publish","type":"page","link":"https:\/\/poliexpert.pl\/?page_id=711","title":{"rendered":"PROJEKTY UNIJNE, B+R, NCBiR, REGIONALNE"},"content":{"rendered":"<p>[vc_row][vc_column width=&#8221;1\/3&#8243; ct_column_class=&#8221;rm-padding-lg&#8221; css=&#8221;.vc_custom_1533307413230{padding-right: 55px !important;}&#8221;][vc_wp_custommenu nav_menu=&#8221;29&#8243; title=&#8221;Oferta&#8221;][\/vc_column][vc_column width=&#8221;2\/3&#8243;][cms_heading text_source=&#8221;post-page-title&#8221; font_weight=&#8221;&#8221; margin_bottom=&#8221;34&#8243;][vc_gallery type=&#8221;flexslider_slide&#8221; interval=&#8221;0&#8243; images=&#8221;921&#8243; img_size=&#8221;900&#215;460&#8243;][vc_wp_text]<\/p>\n<h5>Chcia\u0142by\u015b stara\u0107 si\u0119 o dofinansowanie projektu, ale nie wiesz co, gdzie, kiedy i na jakich warunkach?<\/h5>\n<p>Wsp\u00f3lnie z naszym partnerem jeste\u015bmy w stanie przygotowa\u0107 dokumentacj\u0119 projektow\u0105 na dowolny projekt z bie\u017c\u0105cych konkurs\u00f3w.<\/p>\n<p>Poszukamy partnera naukowego, opracujemy agend\u0119 badawcz\u0105 projekt\u00f3w do Narodowego Centrum Bada\u0144 i Rozwoju i innych jednostek finansuj\u0105cych. Przygotujemy ci\u0119 do panelu ekspert\u00f3w, a po otrzymaniu dofinansowania zajmiemy si\u0119 ca\u0142\u0105 dokumentacj\u0105 prowadzenia i rozliczenia projektu. [\/vc_wp_text][\/vc_column][\/vc_row][vc_row][vc_column][\/vc_column][\/vc_row]<\/p>\n","protected":false},"excerpt":{"rendered":"<p>[vc_row][vc_column width=&#8221;1\/3&#8243; ct_column_class=&#8221;rm-padding-lg&#8221; css=&#8221;.vc_custom_1533307413230{padding-right: 55px !important;}&#8221;][vc_wp_custommenu nav_menu=&#8221;29&#8243; title=&#8221;Oferta&#8221;][\/vc_column][vc_column width=&#8221;2\/3&#8243;][cms_heading text_source=&#8221;post-page-title&#8221; font_weight=&#8221;&#8221; margin_bottom=&#8221;34&#8243;][vc_gallery type=&#8221;flexslider_slide&#8221; interval=&#8221;0&#8243; images=&#8221;921&#8243; img_size=&#8221;900&#215;460&#8243;][vc_wp_text] Chcia\u0142by\u015b stara\u0107 si\u0119 o dofinansowanie projektu, ale nie wiesz co, gdzie, kiedy i na jakich warunkach? Wsp\u00f3lnie z naszym partnerem jeste\u015bmy w stanie przygotowa\u0107 dokumentacj\u0119 projektow\u0105 na dowolny projekt z bie\u017c\u0105cych konkurs\u00f3w. Poszukamy partnera naukowego, opracujemy agend\u0119 badawcz\u0105 projekt\u00f3w [&hellip;]<\/p>\n","protected":false},"author":2,"featured_media":0,"parent":0,"menu_order":0,"comment_status":"closed","ping_status":"closed","template":"","meta":{"footnotes":""},"yoast_head":"<!-- This site is optimized with the Yoast SEO plugin v22.6 - https:\/\/yoast.com\/wordpress\/plugins\/seo\/ -->\n<title>Poliexpert - Szkolenia | Doradztwo Technologiczne - PROJEKTY UNIJNE, B+R, NCBiR, REGIONALNE<\/title>\n<meta name=\"description\" content=\"%\" \/>\n<meta name=\"robots\" content=\"index, follow, max-snippet:-1, max-image-preview:large, max-video-preview:-1\" \/>\n<link rel=\"canonical\" href=\"https:\/\/poliexpert.pl\/?page_id=711\" \/>\n<meta property=\"og:locale\" content=\"pl_PL\" \/>\n<meta property=\"og:type\" content=\"article\" \/>\n<meta property=\"og:title\" content=\"Poliexpert - Szkolenia | Doradztwo Technologiczne - PROJEKTY UNIJNE, B+R, NCBiR, REGIONALNE\" \/>\n<meta property=\"og:description\" content=\"%\" \/>\n<meta property=\"og:url\" content=\"https:\/\/poliexpert.pl\/?page_id=711\" \/>\n<meta property=\"og:site_name\" content=\"Poliexpert - Szkolenia | Doradztwo Technologiczne\" \/>\n<meta property=\"article:modified_time\" content=\"2019-02-22T15:14:00+00:00\" \/>\n<meta name=\"twitter:card\" content=\"summary_large_image\" \/>\n<meta name=\"twitter:label1\" content=\"Szacowany czas czytania\" \/>\n\t<meta name=\"twitter:data1\" content=\"1 minuta\" \/>\n<script type=\"application\/ld+json\" class=\"yoast-schema-graph\">{\"@context\":\"https:\/\/schema.org\",\"@graph\":[{\"@type\":\"WebPage\",\"@id\":\"https:\/\/poliexpert.pl\/?page_id=711\",\"url\":\"https:\/\/poliexpert.pl\/?page_id=711\",\"name\":\"Poliexpert - Szkolenia | Doradztwo Technologiczne - PROJEKTY UNIJNE, B+R, NCBiR, REGIONALNE\",\"isPartOf\":{\"@id\":\"https:\/\/poliexpert.pl\/#website\"},\"datePublished\":\"2019-02-20T17:24:54+00:00\",\"dateModified\":\"2019-02-22T15:14:00+00:00\",\"description\":\"%\",\"breadcrumb\":{\"@id\":\"https:\/\/poliexpert.pl\/?page_id=711#breadcrumb\"},\"inLanguage\":\"pl-PL\",\"potentialAction\":[{\"@type\":\"ReadAction\",\"target\":[\"https:\/\/poliexpert.pl\/?page_id=711\"]}]},{\"@type\":\"BreadcrumbList\",\"@id\":\"https:\/\/poliexpert.pl\/?page_id=711#breadcrumb\",\"itemListElement\":[{\"@type\":\"ListItem\",\"position\":1,\"name\":\"Strona g\u0142\u00f3wna\",\"item\":\"https:\/\/poliexpert.pl\/\"},{\"@type\":\"ListItem\",\"position\":2,\"name\":\"PROJEKTY UNIJNE, B+R, NCBiR, REGIONALNE\"}]},{\"@type\":\"WebSite\",\"@id\":\"https:\/\/poliexpert.pl\/#website\",\"url\":\"https:\/\/poliexpert.pl\/\",\"name\":\"Poliexpert - Szkolenia | Doradztwo Technologiczne\",\"description\":\"Poliexpert\",\"publisher\":{\"@id\":\"https:\/\/poliexpert.pl\/#organization\"},\"potentialAction\":[{\"@type\":\"SearchAction\",\"target\":{\"@type\":\"EntryPoint\",\"urlTemplate\":\"https:\/\/poliexpert.pl\/?s={search_term_string}\"},\"query-input\":\"required name=search_term_string\"}],\"inLanguage\":\"pl-PL\"},{\"@type\":\"Organization\",\"@id\":\"https:\/\/poliexpert.pl\/#organization\",\"name\":\"Poliexpert - Szkolenia | Doradztwo Technologiczne\",\"url\":\"https:\/\/poliexpert.pl\/\",\"logo\":{\"@type\":\"ImageObject\",\"inLanguage\":\"pl-PL\",\"@id\":\"https:\/\/poliexpert.pl\/#\/schema\/logo\/image\/\",\"url\":\"https:\/\/poliexpert.pl\/wp-content\/uploads\/2019\/02\/cropped-logo_mail.jpg\",\"contentUrl\":\"https:\/\/poliexpert.pl\/wp-content\/uploads\/2019\/02\/cropped-logo_mail.jpg\",\"width\":150,\"height\":52,\"caption\":\"Poliexpert - Szkolenia | Doradztwo Technologiczne\"},\"image\":{\"@id\":\"https:\/\/poliexpert.pl\/#\/schema\/logo\/image\/\"}}]}<\/script>\n<!-- \/ Yoast SEO plugin. -->","yoast_head_json":{"title":"Poliexpert - Szkolenia | Doradztwo Technologiczne - PROJEKTY UNIJNE, B+R, NCBiR, REGIONALNE","description":"%","robots":{"index":"index","follow":"follow","max-snippet":"max-snippet:-1","max-image-preview":"max-image-preview:large","max-video-preview":"max-video-preview:-1"},"canonical":"https:\/\/poliexpert.pl\/?page_id=711","og_locale":"pl_PL","og_type":"article","og_title":"Poliexpert - Szkolenia | Doradztwo Technologiczne - PROJEKTY UNIJNE, B+R, NCBiR, REGIONALNE","og_description":"%","og_url":"https:\/\/poliexpert.pl\/?page_id=711","og_site_name":"Poliexpert - Szkolenia | Doradztwo Technologiczne","article_modified_time":"2019-02-22T15:14:00+00:00","twitter_card":"summary_large_image","twitter_misc":{"Szacowany czas czytania":"1 minuta"},"schema":{"@context":"https:\/\/schema.org","@graph":[{"@type":"WebPage","@id":"https:\/\/poliexpert.pl\/?page_id=711","url":"https:\/\/poliexpert.pl\/?page_id=711","name":"Poliexpert - Szkolenia | Doradztwo Technologiczne - PROJEKTY UNIJNE, B+R, NCBiR, REGIONALNE","isPartOf":{"@id":"https:\/\/poliexpert.pl\/#website"},"datePublished":"2019-02-20T17:24:54+00:00","dateModified":"2019-02-22T15:14:00+00:00","description":"%","breadcrumb":{"@id":"https:\/\/poliexpert.pl\/?page_id=711#breadcrumb"},"inLanguage":"pl-PL","potentialAction":[{"@type":"ReadAction","target":["https:\/\/poliexpert.pl\/?page_id=711"]}]},{"@type":"BreadcrumbList","@id":"https:\/\/poliexpert.pl\/?page_id=711#breadcrumb","itemListElement":[{"@type":"ListItem","position":1,"name":"Strona g\u0142\u00f3wna","item":"https:\/\/poliexpert.pl\/"},{"@type":"ListItem","position":2,"name":"PROJEKTY UNIJNE, B+R, NCBiR, REGIONALNE"}]},{"@type":"WebSite","@id":"https:\/\/poliexpert.pl\/#website","url":"https:\/\/poliexpert.pl\/","name":"Poliexpert - Szkolenia | Doradztwo Technologiczne","description":"Poliexpert","publisher":{"@id":"https:\/\/poliexpert.pl\/#organization"},"potentialAction":[{"@type":"SearchAction","target":{"@type":"EntryPoint","urlTemplate":"https:\/\/poliexpert.pl\/?s={search_term_string}"},"query-input":"required name=search_term_string"}],"inLanguage":"pl-PL"},{"@type":"Organization","@id":"https:\/\/poliexpert.pl\/#organization","name":"Poliexpert - Szkolenia | Doradztwo Technologiczne","url":"https:\/\/poliexpert.pl\/","logo":{"@type":"ImageObject","inLanguage":"pl-PL","@id":"https:\/\/poliexpert.pl\/#\/schema\/logo\/image\/","url":"https:\/\/poliexpert.pl\/wp-content\/uploads\/2019\/02\/cropped-logo_mail.jpg","contentUrl":"https:\/\/poliexpert.pl\/wp-content\/uploads\/2019\/02\/cropped-logo_mail.jpg","width":150,"height":52,"caption":"Poliexpert - Szkolenia | Doradztwo Technologiczne"},"image":{"@id":"https:\/\/poliexpert.pl\/#\/schema\/logo\/image\/"}}]}},"_links":{"self":[{"href":"https:\/\/poliexpert.pl\/index.php?rest_route=\/wp\/v2\/pages\/711"}],"collection":[{"href":"https:\/\/poliexpert.pl\/index.php?rest_route=\/wp\/v2\/pages"}],"about":[{"href":"https:\/\/poliexpert.pl\/index.php?rest_route=\/wp\/v2\/types\/page"}],"author":[{"embeddable":true,"href":"https:\/\/poliexpert.pl\/index.php?rest_route=\/wp\/v2\/users\/2"}],"replies":[{"embeddable":true,"href":"https:\/\/poliexpert.pl\/index.php?rest_route=%2Fwp%2Fv2%2Fcomments&post=711"}],"version-history":[{"count":13,"href":"https:\/\/poliexpert.pl\/index.php?rest_route=\/wp\/v2\/pages\/711\/revisions"}],"predecessor-version":[{"id":929,"href":"https:\/\/poliexpert.pl\/index.php?rest_route=\/wp\/v2\/pages\/711\/revisions\/929"}],"wp:attachment":[{"href":"https:\/\/poliexpert.pl\/index.php?rest_route=%2Fwp%2Fv2%2Fmedia&parent=711"}],"curies":[{"name":"wp","href":"https:\/\/api.w.org\/{rel}","templated":true}]}}