{"id":722,"date":"2019-02-20T17:34:11","date_gmt":"2019-02-20T17:34:11","guid":{"rendered":"http:\/\/poliexpert.pl\/?page_id=722"},"modified":"2019-02-22T15:12:30","modified_gmt":"2019-02-22T15:12:30","slug":"doradztwo-technologiczne","status":"publish","type":"page","link":"https:\/\/poliexpert.pl\/?page_id=722","title":{"rendered":"DORADZTWO INWESTYCYJNE"},"content":{"rendered":"<p>[vc_row][vc_column width=&#8221;1\/3&#8243; ct_column_class=&#8221;rm-padding-lg&#8221; css=&#8221;.vc_custom_1533307413230{padding-right: 55px !important;}&#8221;][vc_wp_custommenu nav_menu=&#8221;29&#8243; title=&#8221;Oferta&#8221;][\/vc_column][vc_column width=&#8221;2\/3&#8243;][cms_heading text_source=&#8221;post-page-title&#8221; font_weight=&#8221;&#8221; margin_bottom=&#8221;34&#8243;][vc_gallery type=&#8221;flexslider_slide&#8221; interval=&#8221;0&#8243; images=&#8221;919&#8243; img_size=&#8221;900&#215;460&#8243;][vc_wp_text]<\/p>\n<h5>Chcesz rozbudowa\u0107 zak\u0142ad, stworzy\u0107 lub rozbudowa\u0107 laboratorium badawcze, unowocze\u015bni\u0107 produkcj\u0119?<\/h5>\n<p>Przeprowadzimy dla ciebie audyt technologiczny, doradzimy jak rozmie\u015bci\u0107 urz\u0105dzenia, jaki sprz\u0119t zakupi\u0107 do laboratorium. Nie jeste\u015bmy zwi\u0105zani z \u017cadnym dostawc\u0105 maszyn i urz\u0105dze\u0144 wi\u0119c decyzj\u0119, gdzie go kupisz podejmiesz sam.[\/vc_wp_text][\/vc_column][\/vc_row]<\/p>\n","protected":false},"excerpt":{"rendered":"<p>[vc_row][vc_column width=&#8221;1\/3&#8243; ct_column_class=&#8221;rm-padding-lg&#8221; css=&#8221;.vc_custom_1533307413230{padding-right: 55px !important;}&#8221;][vc_wp_custommenu nav_menu=&#8221;29&#8243; title=&#8221;Oferta&#8221;][\/vc_column][vc_column width=&#8221;2\/3&#8243;][cms_heading text_source=&#8221;post-page-title&#8221; font_weight=&#8221;&#8221; margin_bottom=&#8221;34&#8243;][vc_gallery type=&#8221;flexslider_slide&#8221; interval=&#8221;0&#8243; images=&#8221;919&#8243; img_size=&#8221;900&#215;460&#8243;][vc_wp_text] Chcesz rozbudowa\u0107 zak\u0142ad, stworzy\u0107 lub rozbudowa\u0107 laboratorium badawcze, unowocze\u015bni\u0107 produkcj\u0119? Przeprowadzimy dla ciebie audyt technologiczny, doradzimy jak rozmie\u015bci\u0107 urz\u0105dzenia, jaki sprz\u0119t zakupi\u0107 do laboratorium. Nie jeste\u015bmy zwi\u0105zani z \u017cadnym dostawc\u0105 maszyn i urz\u0105dze\u0144 wi\u0119c decyzj\u0119, gdzie go kupisz podejmiesz [&hellip;]<\/p>\n","protected":false},"author":2,"featured_media":0,"parent":0,"menu_order":0,"comment_status":"closed","ping_status":"closed","template":"","meta":{"footnotes":""},"yoast_head":"<!-- This site is optimized with the Yoast SEO plugin v22.6 - https:\/\/yoast.com\/wordpress\/plugins\/seo\/ -->\n<title>Poliexpert - Szkolenia | Doradztwo Technologiczne - DORADZTWO INWESTYCYJNE<\/title>\n<meta name=\"description\" content=\"%\" \/>\n<meta name=\"robots\" content=\"index, follow, max-snippet:-1, max-image-preview:large, max-video-preview:-1\" \/>\n<link rel=\"canonical\" href=\"https:\/\/poliexpert.pl\/?page_id=722\" \/>\n<meta property=\"og:locale\" content=\"pl_PL\" \/>\n<meta property=\"og:type\" content=\"article\" \/>\n<meta property=\"og:title\" content=\"Poliexpert - Szkolenia | Doradztwo Technologiczne - DORADZTWO INWESTYCYJNE\" \/>\n<meta property=\"og:description\" content=\"%\" \/>\n<meta property=\"og:url\" content=\"https:\/\/poliexpert.pl\/?page_id=722\" \/>\n<meta property=\"og:site_name\" content=\"Poliexpert - Szkolenia | Doradztwo Technologiczne\" \/>\n<meta property=\"article:modified_time\" content=\"2019-02-22T15:12:30+00:00\" \/>\n<meta name=\"twitter:card\" content=\"summary_large_image\" \/>\n<meta name=\"twitter:label1\" content=\"Szacowany czas czytania\" \/>\n\t<meta name=\"twitter:data1\" content=\"1 minuta\" \/>\n<script type=\"application\/ld+json\" class=\"yoast-schema-graph\">{\"@context\":\"https:\/\/schema.org\",\"@graph\":[{\"@type\":\"WebPage\",\"@id\":\"https:\/\/poliexpert.pl\/?page_id=722\",\"url\":\"https:\/\/poliexpert.pl\/?page_id=722\",\"name\":\"Poliexpert - Szkolenia | Doradztwo Technologiczne - DORADZTWO INWESTYCYJNE\",\"isPartOf\":{\"@id\":\"https:\/\/poliexpert.pl\/#website\"},\"datePublished\":\"2019-02-20T17:34:11+00:00\",\"dateModified\":\"2019-02-22T15:12:30+00:00\",\"description\":\"%\",\"breadcrumb\":{\"@id\":\"https:\/\/poliexpert.pl\/?page_id=722#breadcrumb\"},\"inLanguage\":\"pl-PL\",\"potentialAction\":[{\"@type\":\"ReadAction\",\"target\":[\"https:\/\/poliexpert.pl\/?page_id=722\"]}]},{\"@type\":\"BreadcrumbList\",\"@id\":\"https:\/\/poliexpert.pl\/?page_id=722#breadcrumb\",\"itemListElement\":[{\"@type\":\"ListItem\",\"position\":1,\"name\":\"Strona g\u0142\u00f3wna\",\"item\":\"https:\/\/poliexpert.pl\/\"},{\"@type\":\"ListItem\",\"position\":2,\"name\":\"DORADZTWO INWESTYCYJNE\"}]},{\"@type\":\"WebSite\",\"@id\":\"https:\/\/poliexpert.pl\/#website\",\"url\":\"https:\/\/poliexpert.pl\/\",\"name\":\"Poliexpert - Szkolenia | Doradztwo Technologiczne\",\"description\":\"Poliexpert\",\"publisher\":{\"@id\":\"https:\/\/poliexpert.pl\/#organization\"},\"potentialAction\":[{\"@type\":\"SearchAction\",\"target\":{\"@type\":\"EntryPoint\",\"urlTemplate\":\"https:\/\/poliexpert.pl\/?s={search_term_string}\"},\"query-input\":\"required name=search_term_string\"}],\"inLanguage\":\"pl-PL\"},{\"@type\":\"Organization\",\"@id\":\"https:\/\/poliexpert.pl\/#organization\",\"name\":\"Poliexpert - Szkolenia | Doradztwo Technologiczne\",\"url\":\"https:\/\/poliexpert.pl\/\",\"logo\":{\"@type\":\"ImageObject\",\"inLanguage\":\"pl-PL\",\"@id\":\"https:\/\/poliexpert.pl\/#\/schema\/logo\/image\/\",\"url\":\"https:\/\/poliexpert.pl\/wp-content\/uploads\/2019\/02\/cropped-logo_mail.jpg\",\"contentUrl\":\"https:\/\/poliexpert.pl\/wp-content\/uploads\/2019\/02\/cropped-logo_mail.jpg\",\"width\":150,\"height\":52,\"caption\":\"Poliexpert - Szkolenia | Doradztwo Technologiczne\"},\"image\":{\"@id\":\"https:\/\/poliexpert.pl\/#\/schema\/logo\/image\/\"}}]}<\/script>\n<!-- \/ Yoast SEO plugin. -->","yoast_head_json":{"title":"Poliexpert - Szkolenia | Doradztwo Technologiczne - DORADZTWO INWESTYCYJNE","description":"%","robots":{"index":"index","follow":"follow","max-snippet":"max-snippet:-1","max-image-preview":"max-image-preview:large","max-video-preview":"max-video-preview:-1"},"canonical":"https:\/\/poliexpert.pl\/?page_id=722","og_locale":"pl_PL","og_type":"article","og_title":"Poliexpert - Szkolenia | Doradztwo Technologiczne - DORADZTWO INWESTYCYJNE","og_description":"%","og_url":"https:\/\/poliexpert.pl\/?page_id=722","og_site_name":"Poliexpert - Szkolenia | Doradztwo Technologiczne","article_modified_time":"2019-02-22T15:12:30+00:00","twitter_card":"summary_large_image","twitter_misc":{"Szacowany czas czytania":"1 minuta"},"schema":{"@context":"https:\/\/schema.org","@graph":[{"@type":"WebPage","@id":"https:\/\/poliexpert.pl\/?page_id=722","url":"https:\/\/poliexpert.pl\/?page_id=722","name":"Poliexpert - Szkolenia | Doradztwo Technologiczne - DORADZTWO INWESTYCYJNE","isPartOf":{"@id":"https:\/\/poliexpert.pl\/#website"},"datePublished":"2019-02-20T17:34:11+00:00","dateModified":"2019-02-22T15:12:30+00:00","description":"%","breadcrumb":{"@id":"https:\/\/poliexpert.pl\/?page_id=722#breadcrumb"},"inLanguage":"pl-PL","potentialAction":[{"@type":"ReadAction","target":["https:\/\/poliexpert.pl\/?page_id=722"]}]},{"@type":"BreadcrumbList","@id":"https:\/\/poliexpert.pl\/?page_id=722#breadcrumb","itemListElement":[{"@type":"ListItem","position":1,"name":"Strona g\u0142\u00f3wna","item":"https:\/\/poliexpert.pl\/"},{"@type":"ListItem","position":2,"name":"DORADZTWO INWESTYCYJNE"}]},{"@type":"WebSite","@id":"https:\/\/poliexpert.pl\/#website","url":"https:\/\/poliexpert.pl\/","name":"Poliexpert - Szkolenia | Doradztwo Technologiczne","description":"Poliexpert","publisher":{"@id":"https:\/\/poliexpert.pl\/#organization"},"potentialAction":[{"@type":"SearchAction","target":{"@type":"EntryPoint","urlTemplate":"https:\/\/poliexpert.pl\/?s={search_term_string}"},"query-input":"required name=search_term_string"}],"inLanguage":"pl-PL"},{"@type":"Organization","@id":"https:\/\/poliexpert.pl\/#organization","name":"Poliexpert - Szkolenia | Doradztwo Technologiczne","url":"https:\/\/poliexpert.pl\/","logo":{"@type":"ImageObject","inLanguage":"pl-PL","@id":"https:\/\/poliexpert.pl\/#\/schema\/logo\/image\/","url":"https:\/\/poliexpert.pl\/wp-content\/uploads\/2019\/02\/cropped-logo_mail.jpg","contentUrl":"https:\/\/poliexpert.pl\/wp-content\/uploads\/2019\/02\/cropped-logo_mail.jpg","width":150,"height":52,"caption":"Poliexpert - Szkolenia | Doradztwo Technologiczne"},"image":{"@id":"https:\/\/poliexpert.pl\/#\/schema\/logo\/image\/"}}]}},"_links":{"self":[{"href":"https:\/\/poliexpert.pl\/index.php?rest_route=\/wp\/v2\/pages\/722"}],"collection":[{"href":"https:\/\/poliexpert.pl\/index.php?rest_route=\/wp\/v2\/pages"}],"about":[{"href":"https:\/\/poliexpert.pl\/index.php?rest_route=\/wp\/v2\/types\/page"}],"author":[{"embeddable":true,"href":"https:\/\/poliexpert.pl\/index.php?rest_route=\/wp\/v2\/users\/2"}],"replies":[{"embeddable":true,"href":"https:\/\/poliexpert.pl\/index.php?rest_route=%2Fwp%2Fv2%2Fcomments&post=722"}],"version-history":[{"count":7,"href":"https:\/\/poliexpert.pl\/index.php?rest_route=\/wp\/v2\/pages\/722\/revisions"}],"predecessor-version":[{"id":926,"href":"https:\/\/poliexpert.pl\/index.php?rest_route=\/wp\/v2\/pages\/722\/revisions\/926"}],"wp:attachment":[{"href":"https:\/\/poliexpert.pl\/index.php?rest_route=%2Fwp%2Fv2%2Fmedia&parent=722"}],"curies":[{"name":"wp","href":"https:\/\/api.w.org\/{rel}","templated":true}]}}